{"id":127,"date":"2022-12-19T12:24:04","date_gmt":"2022-12-19T11:24:04","guid":{"rendered":"https:\/\/www.321looos.de\/?page_id=127"},"modified":"2023-05-18T18:01:27","modified_gmt":"2023-05-18T16:01:27","slug":"preisliste","status":"publish","type":"page","link":"https:\/\/www.321looos.de\/en\/preisliste\/","title":{"rendered":"Preise"},"content":{"rendered":"<table id=\"tablepress-4\" class=\"tablepress tablepress-id-4 tbody-has-connected-cells\">\n<thead>\n<tr class=\"row-1\">\n\t<th class=\"column-1\"><strong>Preisliste Saison 2023 \/ Mai<\/strong><\/th><td class=\"column-2\"><\/td><td class=\"column-3\"><\/td><td class=\"column-4\"><\/td><td class=\"column-5\"><\/td><td class=\"column-6\"><\/td><td class=\"column-7\"><\/td><td class=\"column-8\"><\/td><td class=\"column-9\"><\/td>\n<\/tr>\n<\/thead>\n<tbody class=\"row-striping row-hover\">\n<tr class=\"row-2\">\n\t<td class=\"column-1\"><img loading=\"lazy\" decoding=\"async\" src=\"https:\/\/www.321looos.de\/wp-content\/uploads\/2023\/01\/Logo-321-V2-500P-300x87.jpg\" alt=\"\" width=\"300\" height=\"87\" class=\"alignnone size-medium wp-image-231\" srcset=\"https:\/\/www.321looos.de\/wp-content\/uploads\/2023\/01\/Logo-321-V2-500P-300x87.jpg 300w, https:\/\/www.321looos.de\/wp-content\/uploads\/2023\/01\/Logo-321-V2-500P.jpg 500w\" sizes=\"(max-width: 300px) 100vw, 300px\" \/><\/td><td class=\"column-2\"><span style=\"color:#0563C1;\"><u><\/u><\/span><\/td><td class=\"column-3\"><\/td><td class=\"column-4\"><\/td><td class=\"column-5\"><\/td><td class=\"column-6\"><\/td><td class=\"column-7\"><\/td><td class=\"column-8\"><\/td><td class=\"column-9\"><\/td>\n<\/tr>\n<tr class=\"row-3\">\n\t<td class=\"column-1\"><strong>Ferrari California Cabrio in N\u00fcrnberg<\/strong><\/td><td class=\"column-2\"><\/td><td class=\"column-3\"><\/td><td class=\"column-4\"><\/td><td class=\"column-5\"><\/td><td class=\"column-6\"><\/td><td colspan=\"2\" class=\"column-7\"><span style=\"color:#FF0000;\"><strong>Stammgast Rabatt -20% vom brutto Preis \ud83d\ude42<\/strong><\/span><\/td><td class=\"column-9\"><\/td>\n<\/tr>\n<tr class=\"row-4\">\n\t<td class=\"column-1\"><span style=\"color:#CC0000;\"><strong>NUTZE  VIELFALT VON  RABATTAKTIONEN  UND  PREISNACHL\u00c4SSEN***<\/strong><\/span><\/td><td class=\"column-2\"><\/td><td class=\"column-3\"><\/td><td class=\"column-4\"><\/td><td class=\"column-5\"><\/td><td class=\"column-6\"><\/td><td class=\"column-7\"> <\/td><td class=\"column-8\"> <\/td><td class=\"column-9\"><\/td>\n<\/tr>\n<tr class=\"row-5\">\n\t<td class=\"column-1\"><\/td><td class=\"column-2\"><\/td><td class=\"column-3\"><\/td><td class=\"column-4\"><\/td><td class=\"column-5\"><\/td><td class=\"column-6\"><\/td><td class=\"column-7\"> <\/td><td class=\"column-8\"> <\/td><td class=\"column-9\"><\/td>\n<\/tr>\n<tr class=\"row-6\">\n\t<td class=\"column-1\">Inhalt<\/td><td class=\"column-2\">Fahrende<\/td><td class=\"column-3\">Dauer<\/td><td class=\"column-4\"><\/td><td colspan=\"2\" class=\"column-5\">Km Inc**<\/td><td class=\"column-7\">Standard Preiss<\/td><td class=\"column-8\">Preiss % brutto<\/td><td class=\"column-9\"><\/td>\n<\/tr>\n<tr class=\"row-7\">\n\t<td class=\"column-1\">Ferrari California Cabrio selber Fahren ab N\u00fcrnberg-S\u00fcd-West Park<\/td><td class=\"column-2\">1<\/td><td class=\"column-3\">30<\/td><td class=\"column-4\">Min<\/td><td class=\"column-5\">60<\/td><td class=\"column-6\">km<\/td><td class=\"column-7\"><del>190.80 \u20ac<\/del><\/td><td class=\"column-8\"><strong>159.00 \u20ac<\/strong><\/td><td class=\"column-9\"><\/td>\n<\/tr>\n<tr class=\"row-8\">\n\t<td class=\"column-1\">Ferrari California Cabrio selber Fahren ab N\u00fcrnberg-S\u00fcd-West Park<\/td><td class=\"column-2\">1<\/td><td class=\"column-3\">60<\/td><td class=\"column-4\">Min<\/td><td class=\"column-5\">100<\/td><td class=\"column-6\">km<\/td><td class=\"column-7\"><del>238.80 \u20ac<\/del><\/td><td class=\"column-8\"><strong>199.00 \u20ac<\/strong><\/td><td class=\"column-9\"><\/td>\n<\/tr>\n<tr class=\"row-9\">\n\t<td class=\"column-1\"><\/td><td class=\"column-2\"><\/td><td class=\"column-3\"><\/td><td class=\"column-4\"><\/td><td class=\"column-5\"><\/td><td class=\"column-6\"><\/td><td class=\"column-7\"><del><\/del><\/td><td class=\"column-8\"><strong><\/strong><\/td><td class=\"column-9\"><\/td>\n<\/tr>\n<tr class=\"row-10\">\n\t<td class=\"column-1\">Ferrari California Cabrio selber Fahren ab N\u00fcrnberg-S\u00fcd-West Park<\/td><td class=\"column-2\">1+1*<\/td><td class=\"column-3\">30<\/td><td class=\"column-4\">Min<\/td><td class=\"column-5\">60<\/td><td class=\"column-6\">km<\/td><td class=\"column-7\"><del>209.88 \u20ac<\/del><\/td><td class=\"column-8\"><strong>174.90 \u20ac<\/strong><\/td><td class=\"column-9\"><\/td>\n<\/tr>\n<tr class=\"row-11\">\n\t<td class=\"column-1\">Ferrari California Cabrio selber Fahren ab N\u00fcrnberg-S\u00fcd-West Park<\/td><td class=\"column-2\">1+1*<\/td><td class=\"column-3\">60<\/td><td class=\"column-4\">Min<\/td><td class=\"column-5\">100<\/td><td class=\"column-6\">km<\/td><td class=\"column-7\"><del>262.68 \u20ac<\/del><\/td><td class=\"column-8\"><strong>218.90 \u20ac<\/strong><\/td><td class=\"column-9\"><\/td>\n<\/tr>\n<tr class=\"row-12\">\n\t<td class=\"column-1\"><\/td><td class=\"column-2\"><\/td><td class=\"column-3\"><\/td><td class=\"column-4\"><\/td><td class=\"column-5\"><\/td><td class=\"column-6\"><\/td><td class=\"column-7\"><del><\/del><\/td><td class=\"column-8\"><strong><\/strong><\/td><td class=\"column-9\"><\/td>\n<\/tr>\n<tr class=\"row-13\">\n\t<td class=\"column-1\">Ferrari California Cabrio selber Fahren ab N\u00fcrnberg-S\u00fcd-West Park<\/td><td class=\"column-2\">1+2*<\/td><td class=\"column-3\">30<\/td><td class=\"column-4\">Min<\/td><td class=\"column-5\">60<\/td><td class=\"column-6\">km<\/td><td class=\"column-7\"><del>228.96 \u20ac<\/del><\/td><td class=\"column-8\"><strong>190.80 \u20ac<\/strong><\/td><td class=\"column-9\"><\/td>\n<\/tr>\n<tr class=\"row-14\">\n\t<td class=\"column-1\">Ferrari California Cabrio selber Fahren ab N\u00fcrnberg-S\u00fcd-West Park<\/td><td class=\"column-2\">1+2*<\/td><td class=\"column-3\">60<\/td><td class=\"column-4\">Min<\/td><td class=\"column-5\">100<\/td><td class=\"column-6\">km<\/td><td class=\"column-7\"><del>286.56 \u20ac<\/del><\/td><td class=\"column-8\"><strong>238,80 \u20ac<\/strong><\/td><td class=\"column-9\"><\/td>\n<\/tr>\n<tr class=\"row-15\">\n\t<td class=\"column-1\"><\/td><td class=\"column-2\"><\/td><td class=\"column-3\"><\/td><td class=\"column-4\"><\/td><td class=\"column-5\"><\/td><td class=\"column-6\"><\/td><td class=\"column-7\"><del><\/del><\/td><td class=\"column-8\"><strong><\/strong><\/td><td class=\"column-9\"><\/td>\n<\/tr>\n<tr class=\"row-16\">\n\t<td class=\"column-1\">Ferrari California Cabrio ab N\u00fcrnberg-S\u00fcd-West Park f\u00fcr Hochzeit, <\/td><td class=\"column-2\">  <\/td><td class=\"column-3\"><\/td><td class=\"column-4\"><\/td><td class=\"column-5\"><\/td><td class=\"column-6\"><\/td><td class=\"column-7\"><del><\/del><\/td><td class=\"column-8\"><strong><\/strong><\/td><td class=\"column-9\"><\/td>\n<\/tr>\n<tr class=\"row-17\">\n\t<td class=\"column-1\">        Fotoshooting,  Styling, Fest, Abschluss, Influencer-inen usw. incl. Fahrer<\/td><td class=\"column-2\">1<\/td><td class=\"column-3\">60<\/td><td class=\"column-4\">Min<\/td><td class=\"column-5\">20<\/td><td class=\"column-6\">km<\/td><td class=\"column-7\"><del>142.80 \u20ac<\/del><\/td><td class=\"column-8\"><strong>119.00 \u20ac<\/strong><\/td><td class=\"column-9\"><\/td>\n<\/tr>\n<tr class=\"row-18\">\n\t<td class=\"column-1\"><\/td><td class=\"column-2\"><\/td><td class=\"column-3\"><\/td><td class=\"column-4\"><\/td><td class=\"column-5\"><\/td><td class=\"column-6\"><\/td><td class=\"column-7\"><del><\/del><\/td><td class=\"column-8\"><strong><\/strong><\/td><td class=\"column-9\"><\/td>\n<\/tr>\n<tr class=\"row-19\">\n\t<td class=\"column-1\"><span style=\"color:#C00000;\">Unvergesslich &#8211; HD Videoaufhahmen der Fahrt ( 2 Cam &#8211; Richtung Fahrt und  Fahrer) ****<\/span><\/td><td class=\"column-2\"><span style=\"color:#C00000;\"><\/span><\/td><td class=\"column-3\"><span style=\"color:#C00000;\"><\/span><\/td><td class=\"column-4\"><span style=\"color:#C00000;\"><\/span><\/td><td class=\"column-5\"><span style=\"color:#C00000;\"><\/span><\/td><td class=\"column-6\"><span style=\"color:#C00000;\"> <\/span><\/td><td class=\"column-7\"><span style=\"color:#C00000;\"><del>24.00 \u20ac<\/del><\/span><\/td><td class=\"column-8\"><span style=\"color:#C00000;\"><strong>20.00 \u20ac<\/strong><\/span><\/td><td class=\"column-9\"><\/td>\n<\/tr>\n<tr class=\"row-20\">\n\t<td class=\"column-1\"><\/td><td class=\"column-2\"><\/td><td class=\"column-3\"><\/td><td class=\"column-4\"><\/td><td class=\"column-5\"><\/td><td class=\"column-6\"><\/td><td class=\"column-7\"><\/td><td class=\"column-8\"><strong><\/strong><\/td><td class=\"column-9\"><\/td>\n<\/tr>\n<tr class=\"row-21\">\n\t<td class=\"column-1\">Preis pro Minute inc Fahrer \/ Begleiter bei \u00dcberschreitung der inclusiven Minutenmenge<\/td><td class=\"column-2\"><\/td><td class=\"column-3\">pro<\/td><td class=\"column-4\">1<\/td><td class=\"column-5\">Min<\/td><td class=\"column-6\"><\/td><td class=\"column-7\"><del>7.20 \u20ac<\/del><\/td><td class=\"column-8\"><strong>6.00 \u20ac<\/strong><\/td><td class=\"column-9\"><\/td>\n<\/tr>\n<tr class=\"row-22\">\n\t<td class=\"column-1\">Preis pro Kilometer inc Fahrer \/ Begleiter bei \u00dcberschreitung der inclusiven Kilometermenge<\/td><td class=\"column-2\"><\/td><td class=\"column-3\">pro<\/td><td class=\"column-4\">1<\/td><td class=\"column-5\">km<\/td><td class=\"column-6\"><\/td><td class=\"column-7\"><del>3.60 \u20ac<\/del><\/td><td class=\"column-8\"><strong>3.00 \u20ac<\/strong><\/td><td class=\"column-9\"><\/td>\n<\/tr>\n<tr class=\"row-23\">\n\t<td class=\"column-1\"><\/td><td class=\"column-2\"><\/td><td class=\"column-3\"><\/td><td class=\"column-4\"><\/td><td class=\"column-5\"><\/td><td class=\"column-6\"><\/td><td class=\"column-7\"><\/td><td class=\"column-8\"><\/td><td class=\"column-9\"><\/td>\n<\/tr>\n<tr class=\"row-24\">\n\t<td class=\"column-1\">*   Fahrerwechsel Option im Preis inbegriffen<\/td><td class=\"column-2\"><\/td><td class=\"column-3\"><\/td><td class=\"column-4\"><\/td><td class=\"column-5\"><\/td><td class=\"column-6\"><\/td><td class=\"column-7\"><\/td><td class=\"column-8\"><\/td><td class=\"column-9\"><\/td>\n<\/tr>\n<tr class=\"row-25\">\n\t<td class=\"column-1\">** inclusive Kilometer, die nicht ausgesch\u00f6pft wurden werden nicht verg\u00fctet<\/td><td class=\"column-2\"><\/td><td class=\"column-3\"><\/td><td class=\"column-4\"><\/td><td class=\"column-5\"><\/td><td class=\"column-6\"><\/td><td class=\"column-7\"><\/td><td class=\"column-8\"><\/td><td class=\"column-9\"><\/td>\n<\/tr>\n<tr class=\"row-26\">\n\t<td class=\"column-1\">*** Preisnachl\u00e4sse und Rabatte nicht kombinierbar \/addierbar. <\/td><td class=\"column-2\"><\/td><td class=\"column-3\"><\/td><td class=\"column-4\"><\/td><td class=\"column-5\"><\/td><td class=\"column-6\"><\/td><td class=\"column-7\"><\/td><td class=\"column-8\"><\/td><td class=\"column-9\"><\/td>\n<\/tr>\n<tr class=\"row-27\">\n\t<td class=\"column-1\">**** Kamera auf Wunsch abschaltbar \/ Videoaufnahmen bei Freigabe f\u00fcr Werbezwecke 321Looos kostenlos <\/td><td class=\"column-2\"><\/td><td class=\"column-3\"><\/td><td class=\"column-4\"><\/td><td class=\"column-5\"><\/td><td class=\"column-6\"><\/td><td class=\"column-7\"><\/td><td class=\"column-8\"><\/td><td class=\"column-9\"><\/td>\n<\/tr>\n<tr class=\"row-28\">\n\t<td class=\"column-1\"><\/td><td class=\"column-2\"><\/td><td class=\"column-3\"><\/td><td class=\"column-4\"><\/td><td class=\"column-5\"><\/td><td class=\"column-6\"><\/td><td class=\"column-7\"><\/td><td class=\"column-8\"><\/td><td class=\"column-9\"><\/td>\n<\/tr>\n<\/tbody>\n<\/table>","protected":false},"excerpt":{"rendered":"","protected":false},"author":1,"featured_media":0,"parent":0,"menu_order":0,"comment_status":"closed","ping_status":"closed","template":"","meta":{"_et_pb_use_builder":"","_et_pb_old_content":"","_et_gb_content_width":"","_glsr_average":0,"_glsr_ranking":0,"_glsr_reviews":0,"footnotes":""},"class_list":["post-127","page","type-page","status-publish","hentry"],"_links":{"self":[{"href":"https:\/\/www.321looos.de\/en\/wp-json\/wp\/v2\/pages\/127","targetHints":{"allow":["GET"]}}],"collection":[{"href":"https:\/\/www.321looos.de\/en\/wp-json\/wp\/v2\/pages"}],"about":[{"href":"https:\/\/www.321looos.de\/en\/wp-json\/wp\/v2\/types\/page"}],"author":[{"embeddable":true,"href":"https:\/\/www.321looos.de\/en\/wp-json\/wp\/v2\/users\/1"}],"replies":[{"embeddable":true,"href":"https:\/\/www.321looos.de\/en\/wp-json\/wp\/v2\/comments?post=127"}],"version-history":[{"count":32,"href":"https:\/\/www.321looos.de\/en\/wp-json\/wp\/v2\/pages\/127\/revisions"}],"predecessor-version":[{"id":426,"href":"https:\/\/www.321looos.de\/en\/wp-json\/wp\/v2\/pages\/127\/revisions\/426"}],"wp:attachment":[{"href":"https:\/\/www.321looos.de\/en\/wp-json\/wp\/v2\/media?parent=127"}],"curies":[{"name":"wp","href":"https:\/\/api.w.org\/{rel}","templated":true}]}}