{"id":1315,"date":"2026-01-16T12:29:54","date_gmt":"2026-01-16T11:29:54","guid":{"rendered":"https:\/\/www.321looos.de\/?page_id=1315"},"modified":"2026-01-17T01:31:07","modified_gmt":"2026-01-17T00:31:07","slug":"danke-e-book","status":"publish","type":"page","link":"https:\/\/www.321looos.de\/en\/danke-e-book\/","title":{"rendered":"Danke \u2013 E-Book"},"content":{"rendered":"<p>[et_pb_section fb_built=&#8220;1&#8243; _builder_version=&#8220;4.27.4&#8243; _module_preset=&#8220;default&#8220; background_color=&#8220;#181818&#8243; global_colors_info=&#8220;{}&#8220;][et_pb_row _builder_version=&#8220;4.27.4&#8243; _module_preset=&#8220;default&#8220; global_colors_info=&#8220;{}&#8220;][et_pb_column type=&#8220;4_4&#8243; _builder_version=&#8220;4.27.4&#8243; _module_preset=&#8220;default&#8220; global_colors_info=&#8220;{}&#8220;][et_pb_text _builder_version=&#8220;4.27.4&#8243; _module_preset=&#8220;default&#8220; global_colors_info=&#8220;{}&#8220;]<\/p>\n<h2 style=\"text-align: center;\">Danke! \u2705<\/h2>\n<p>[\/et_pb_text][et_pb_text _builder_version=&#8220;4.27.4&#8243; _module_preset=&#8220;default&#8220; global_colors_info=&#8220;{}&#8220;]<\/p>\n<p style=\"text-align: center;\">Du bist fast fertig&#8230;<br data-start=\"1714\" data-end=\"1717\" \/>\ud83d\udc49 Bitte best\u00e4tige jetzt deine E-Mail-Adresse in deinem Posteingang.<br data-start=\"1787\" data-end=\"1790\" \/>Danach erh\u00e4ltst du den Ferrari E-Book-Download &amp; bist f\u00fcr exklusive Geschenkideen und Erlebnisse rund um 321looos eingetragen. \ud83c\udfce\ufe0f\ud83d\udc8c<\/p>\n<p>[\/et_pb_text][et_pb_text _builder_version=&#8220;4.27.4&#8243; _module_preset=&#8220;default&#8220; global_colors_info=&#8220;{}&#8220;]<\/p>\n<p style=\"text-align: center;\">\ud83d\udce9<\/p>\n<p style=\"text-align: center;\">\u2757Tipp: Schau auch in deinen Spam-Ordner \u2013 manchmal landen Mails dort.<\/p>\n<p>[\/et_pb_text][\/et_pb_column][\/et_pb_row][et_pb_row _builder_version=&#8220;4.27.4&#8243; _module_preset=&#8220;default&#8220; column_structure=&#8220;3_4,1_4&#8243;][et_pb_column _builder_version=&#8220;4.27.4&#8243; _module_preset=&#8220;default&#8220; type=&#8220;3_4&#8243;][et_pb_text _builder_version=&#8220;4.27.4&#8243; _module_preset=&#8220;default&#8220; hover_enabled=&#8220;0&#8243; sticky_enabled=&#8220;0&#8243;]<\/p>\n<p style=\"text-align: right;\">Noch unsicher? \u2192 Schau dir hier unsere beliebtesten Ferrari-Erlebnisse an \u2192<\/p>\n<p>[\/et_pb_text][\/et_pb_column][et_pb_column _builder_version=&#8220;4.27.4&#8243; _module_preset=&#8220;default&#8220; type=&#8220;1_4&#8243;][et_pb_button button_text=&#8220;Erlebnis\u00fcbersicht&#8220; _builder_version=&#8220;4.27.4&#8243; _module_preset=&#8220;default&#8220; animation_style=&#8220;fade&#8220; hover_enabled=&#8220;0&#8243; box_shadow_style=&#8220;preset2&#8243; global_colors_info=&#8220;{}&#8220; button_url=&#8220;https:\/\/www.321looos.de\/kundebewertungen\/&#8220; sticky_enabled=&#8220;0&#8243; transform_translate=&#8220;-39px|-10px&#8220;][\/et_pb_button][\/et_pb_column][\/et_pb_row][\/et_pb_section]<\/p>\n","protected":false},"excerpt":{"rendered":"<p>Danke! \u2705Du bist fast fertig&#8230;\ud83d\udc49 Bitte best\u00e4tige jetzt deine E-Mail-Adresse in deinem Posteingang.Danach erh\u00e4ltst du den Ferrari E-Book-Download &amp; bist f\u00fcr exklusive Geschenkideen und Erlebnisse rund um 321looos eingetragen. \ud83c\udfce\ufe0f\ud83d\udc8c\ud83d\udce9 \u2757Tipp: Schau auch in deinen Spam-Ordner \u2013 manchmal landen Mails dort.Noch unsicher? \u2192 Schau dir hier unsere beliebtesten Ferrari-Erlebnisse an \u2192<\/p>","protected":false},"author":1,"featured_media":0,"parent":0,"menu_order":0,"comment_status":"closed","ping_status":"closed","template":"","meta":{"_et_pb_use_builder":"on","_et_pb_old_content":"","_et_gb_content_width":"","_glsr_average":0,"_glsr_ranking":0,"_glsr_reviews":0,"footnotes":""},"class_list":["post-1315","page","type-page","status-publish","hentry"],"_links":{"self":[{"href":"https:\/\/www.321looos.de\/en\/wp-json\/wp\/v2\/pages\/1315","targetHints":{"allow":["GET"]}}],"collection":[{"href":"https:\/\/www.321looos.de\/en\/wp-json\/wp\/v2\/pages"}],"about":[{"href":"https:\/\/www.321looos.de\/en\/wp-json\/wp\/v2\/types\/page"}],"author":[{"embeddable":true,"href":"https:\/\/www.321looos.de\/en\/wp-json\/wp\/v2\/users\/1"}],"replies":[{"embeddable":true,"href":"https:\/\/www.321looos.de\/en\/wp-json\/wp\/v2\/comments?post=1315"}],"version-history":[{"count":4,"href":"https:\/\/www.321looos.de\/en\/wp-json\/wp\/v2\/pages\/1315\/revisions"}],"predecessor-version":[{"id":1322,"href":"https:\/\/www.321looos.de\/en\/wp-json\/wp\/v2\/pages\/1315\/revisions\/1322"}],"wp:attachment":[{"href":"https:\/\/www.321looos.de\/en\/wp-json\/wp\/v2\/media?parent=1315"}],"curies":[{"name":"wp","href":"https:\/\/api.w.org\/{rel}","templated":true}]}}