{"id":166,"date":"2023-01-02T09:41:39","date_gmt":"2023-01-02T08:41:39","guid":{"rendered":"https:\/\/www.321looos.de\/?page_id=166"},"modified":"2025-06-20T09:15:51","modified_gmt":"2025-06-20T07:15:51","slug":"aktuelles","status":"publish","type":"page","link":"https:\/\/www.321looos.de\/en\/aktuelles\/","title":{"rendered":"Current"},"content":{"rendered":"<p>[et_pb_section fb_built=&#8220;1&#8243; fullwidth=&#8220;on&#8220; _builder_version=&#8220;4.27.4&#8243; _module_preset=&#8220;default&#8220; global_colors_info=&#8220;{}&#8220; theme_builder_area=&#8220;post_content&#8220;][et_pb_fullwidth_image src=&#8220;https:\/\/www.321looos.de\/wp-content\/uploads\/2024\/12\/24.12.21-Titelbild-931-uaf-383-Pixel-DSC08971.jpg&#8220; alt=&#8220;Ferrari California selber fahrte 321looos&#8220; title_text=&#8220;24.12.21 Titelbild 931 uaf 383 Pixel DSC08971&#8243; _builder_version=&#8220;4.27.4&#8243; _module_preset=&#8220;default&#8220; global_colors_info=&#8220;{}&#8220; theme_builder_area=&#8220;post_content&#8220;][\/et_pb_fullwidth_image][\/et_pb_section][et_pb_section fb_built=&#8220;1&#8243; _builder_version=&#8220;4.27.4&#8243; _module_preset=&#8220;default&#8220; background_color=&#8220;#181818&#8243; min_height=&#8220;100px&#8220; height=&#8220;100px&#8220; max_height=&#8220;100px&#8220; global_colors_info=&#8220;{}&#8220; theme_builder_area=&#8220;post_content&#8220;][et_pb_row _builder_version=&#8220;4.27.4&#8243; _module_preset=&#8220;default&#8220; global_colors_info=&#8220;{}&#8220; theme_builder_area=&#8220;post_content&#8220;][et_pb_column type=&#8220;4_4&#8243; _builder_version=&#8220;4.27.4&#8243; _module_preset=&#8220;default&#8220; global_colors_info=&#8220;{}&#8220; theme_builder_area=&#8220;post_content&#8220;][et_pb_text _builder_version=&#8220;4.27.4&#8243; _module_preset=&#8220;default&#8220; global_colors_info=&#8220;{}&#8220; theme_builder_area=&#8220;post_content&#8220;]<\/p>\n<h2><strong>Ferrari selber fahren \u2013 Ihr exklusives Fahrerlebnis in N\u00fcrnberg<\/strong><\/h2>\n<p>[\/et_pb_text][\/et_pb_column][\/et_pb_row][\/et_pb_section][et_pb_section fb_built=&#8220;1&#8243; _builder_version=&#8220;4.27.4&#8243; _module_preset=&#8220;default&#8220; background_color=&#8220;#181818&#8243; min_height=&#8220;100px&#8220; height=&#8220;889px&#8220; max_height=&#8220;1000px&#8220; global_colors_info=&#8220;{}&#8220; theme_builder_area=&#8220;post_content&#8220;][et_pb_row column_structure=&#8220;1_3,1_3,1_3&#8243; _builder_version=&#8220;4.27.4&#8243; _module_preset=&#8220;default&#8220; global_colors_info=&#8220;{}&#8220; theme_builder_area=&#8220;post_content&#8220;][et_pb_column type=&#8220;1_3&#8243; _builder_version=&#8220;4.27.4&#8243; _module_preset=&#8220;default&#8220; global_colors_info=&#8220;{}&#8220; theme_builder_area=&#8220;post_content&#8220;][et_pb_image src=&#8220;https:\/\/www.321looos.de\/wp-content\/uploads\/2025\/06\/DSC09411-scaled.png&#8220; title_text=&#8220;DSC09411&#8243; _builder_version=&#8220;4.27.4&#8243; _module_preset=&#8220;default&#8220; global_colors_info=&#8220;{}&#8220; theme_builder_area=&#8220;post_content&#8220;][\/et_pb_image][\/et_pb_column][et_pb_column type=&#8220;1_3&#8243; _builder_version=&#8220;4.27.4&#8243; _module_preset=&#8220;default&#8220; global_colors_info=&#8220;{}&#8220; theme_builder_area=&#8220;post_content&#8220;][et_pb_text _builder_version=&#8220;4.27.4&#8243; _module_preset=&#8220;default&#8220; transform_translate=&#8220;3px|84px&#8220; global_colors_info=&#8220;{}&#8220; theme_builder_area=&#8220;post_content&#8220;]<\/p>\n<h3>Du tr\u00e4umst davon, einmal selbst in einem echten Ferrari zu sitzen und das Gaspedal durchzudr\u00fccken? Bei 321Looos wird dieser Traum Realit\u00e4t. Steig ein, nimm das Lenkrad in die Hand und erlebe puren Fahrspa\u00df im Ferrari California 30 \u2013 mit rund 490\u202fPS, G\u00e4nsehaut-Sound und G\u00e4nsehaut-Feeling inklusive.<\/h3>\n<p>&nbsp;<\/p>\n<p>[\/et_pb_text][\/et_pb_column][et_pb_column type=&#8220;1_3&#8243; _builder_version=&#8220;4.27.4&#8243; _module_preset=&#8220;default&#8220; global_colors_info=&#8220;{}&#8220; theme_builder_area=&#8220;post_content&#8220;][et_pb_image src=&#8220;https:\/\/www.321looos.de\/wp-content\/uploads\/2025\/06\/DSC09409-scaled.png&#8220; title_text=&#8220;DSC09409&#8243; _builder_version=&#8220;4.27.4&#8243; _module_preset=&#8220;default&#8220; global_colors_info=&#8220;{}&#8220; theme_builder_area=&#8220;post_content&#8220;][\/et_pb_image][\/et_pb_column][\/et_pb_row][et_pb_row _builder_version=&#8220;4.27.4&#8243; _module_preset=&#8220;default&#8220; global_colors_info=&#8220;{}&#8220; theme_builder_area=&#8220;post_content&#8220;][et_pb_column type=&#8220;4_4&#8243; _builder_version=&#8220;4.27.4&#8243; _module_preset=&#8220;default&#8220; global_colors_info=&#8220;{}&#8220; theme_builder_area=&#8220;post_content&#8220;][et_pb_text _builder_version=&#8220;4.27.4&#8243; _module_preset=&#8220;default&#8220; global_colors_info=&#8220;{}&#8220; theme_builder_area=&#8220;post_content&#8220;]<\/p>\n<h3>Ob als Highlight deiner <span style=\"text-decoration: underline; color: #ff0000;\"><a href=\"https:\/\/www.321looos.de\/hochzeitsfahrt-im-ferrari\/\" style=\"color: #ff0000; text-decoration: underline;\">Hochzeit<\/a><\/span>, \u00dcberraschung zum <a href=\"https:\/\/www.321looos.de\/ferrari-fahren\/\"><span style=\"text-decoration: underline;\"><span style=\"color: #ff0000; text-decoration: underline;\">Geburtstag<\/span><\/span><\/a>, ein exklusives <span style=\"text-decoration: underline;\"><span style=\"color: #ff0000;\"><a href=\"https:\/\/www.321looos.de\/ferrari-fotoshooting\/\" style=\"color: #ff0000; text-decoration: underline;\">Fotoshooting<\/a><\/span><\/span> f\u00fcr Social Media oder einfach als Geschenk an dich selbst \u2013 Ferrari fahren in N\u00fcrnberg ist mehr als nur eine Spritztour. Es ist ein Erlebnis, das dich f\u00fcr immer begleiten wird. Du bestimmst, wie lange und wohin. Wir k\u00fcmmern uns um alles andere: das perfekte Fahrzeug, eine professionelle Einweisung und ein reibungsloser Ablauf.<br \/>W\u00e4hle die passende Fahrzeit, ob f\u00fcr 15, 30 oder 60 Minuten: Wir machen dein Ferrari-Erlebnis in N\u00fcrnberg m\u00f6glich.<\/h3>\n<p>[\/et_pb_text][et_pb_button button_url=&#8220;https:\/\/www.321looos.de\/buchen\/&#8220; button_text=&#8220;Jetzt buchen&#8220; button_alignment=&#8220;center&#8220; _builder_version=&#8220;4.27.4&#8243; _module_preset=&#8220;default&#8220; custom_button=&#8220;on&#8220; button_bg_color=&#8220;RGBA(255,255,255,0)&#8220; button_border_width=&#8220;1px&#8220; button_border_radius=&#8220;0px&#8220; button_font=&#8220;|800|||||||&#8220; animation_style=&#8220;fade&#8220; button_text_shadow_style=&#8220;preset1&#8243; box_shadow_style=&#8220;preset2&#8243; box_shadow_color=&#8220;#cac9c4&#8243; global_colors_info=&#8220;{}&#8220; theme_builder_area=&#8220;post_content&#8220;][\/et_pb_button][\/et_pb_column][\/et_pb_row][\/et_pb_section][et_pb_section fb_built=&#8220;1&#8243; _builder_version=&#8220;4.27.4&#8243; _module_preset=&#8220;default&#8220; background_color=&#8220;#181818&#8243; global_colors_info=&#8220;{}&#8220; theme_builder_area=&#8220;post_content&#8220;][et_pb_row column_structure=&#8220;1_3,1_3,1_3&#8243; _builder_version=&#8220;4.27.4&#8243; _module_preset=&#8220;default&#8220; global_colors_info=&#8220;{}&#8220; theme_builder_area=&#8220;post_content&#8220;][et_pb_column type=&#8220;1_3&#8243; _builder_version=&#8220;4.27.4&#8243; _module_preset=&#8220;default&#8220; global_colors_info=&#8220;{}&#8220; theme_builder_area=&#8220;post_content&#8220;][et_pb_image src=&#8220;https:\/\/www.321looos.de\/wp-content\/uploads\/2025\/06\/20240716_203208-scaled.jpg&#8220; title_text=&#8220;20240716_203208&#8243; _builder_version=&#8220;4.27.4&#8243; _module_preset=&#8220;default&#8220; global_colors_info=&#8220;{}&#8220; theme_builder_area=&#8220;post_content&#8220;][\/et_pb_image][et_pb_text _builder_version=&#8220;4.27.4&#8243; _module_preset=&#8220;default&#8220; global_colors_info=&#8220;{}&#8220; theme_builder_area=&#8220;post_content&#8220;]<\/p>\n<h4 style=\"text-align: center;\">Cadolzburg<\/h4>\n<p>[\/et_pb_text][\/et_pb_column][et_pb_column type=&#8220;1_3&#8243; _builder_version=&#8220;4.27.4&#8243; _module_preset=&#8220;default&#8220; global_colors_info=&#8220;{}&#8220; theme_builder_area=&#8220;post_content&#8220;][et_pb_image src=&#8220;https:\/\/www.321looos.de\/wp-content\/uploads\/2025\/06\/20250501_173632-scaled.jpg&#8220; title_text=&#8220;20250501_173632&#8243; _builder_version=&#8220;4.27.4&#8243; _module_preset=&#8220;default&#8220; global_colors_info=&#8220;{}&#8220; theme_builder_area=&#8220;post_content&#8220;][\/et_pb_image][et_pb_text _builder_version=&#8220;4.27.4&#8243; _module_preset=&#8220;default&#8220; global_colors_info=&#8220;{}&#8220; theme_builder_area=&#8220;post_content&#8220;]<\/p>\n<h4 style=\"text-align: center;\">Lauf an der Pegnitz<\/h4>\n<p>[\/et_pb_text][\/et_pb_column][et_pb_column type=&#8220;1_3&#8243; _builder_version=&#8220;4.27.4&#8243; _module_preset=&#8220;default&#8220; global_colors_info=&#8220;{}&#8220; theme_builder_area=&#8220;post_content&#8220;][et_pb_image src=&#8220;https:\/\/www.321looos.de\/wp-content\/uploads\/2025\/06\/20250406_172759-scaled.jpg&#8220; title_text=&#8220;20250406_172759&#8243; _builder_version=&#8220;4.27.4&#8243; _module_preset=&#8220;default&#8220; global_colors_info=&#8220;{}&#8220; theme_builder_area=&#8220;post_content&#8220;][\/et_pb_image][et_pb_text _builder_version=&#8220;4.27.4&#8243; _module_preset=&#8220;default&#8220; global_colors_info=&#8220;{}&#8220; theme_builder_area=&#8220;post_content&#8220;]<\/p>\n<h4 style=\"text-align: center;\">Steinbach<\/h4>\n<p>[\/et_pb_text][\/et_pb_column][\/et_pb_row][\/et_pb_section][et_pb_section fb_built=&#8220;1&#8243; _builder_version=&#8220;4.27.4&#8243; _module_preset=&#8220;default&#8220; background_color=&#8220;#303030&#8243; background_enable_image=&#8220;off&#8220; global_colors_info=&#8220;{}&#8220; theme_builder_area=&#8220;post_content&#8220;][et_pb_row _builder_version=&#8220;4.27.4&#8243; _module_preset=&#8220;default&#8220; global_colors_info=&#8220;{}&#8220; theme_builder_area=&#8220;post_content&#8220;][et_pb_column type=&#8220;4_4&#8243; _builder_version=&#8220;4.27.4&#8243; _module_preset=&#8220;default&#8220; global_colors_info=&#8220;{}&#8220; theme_builder_area=&#8220;post_content&#8220;][et_pb_text _builder_version=&#8220;4.27.4&#8243; _module_preset=&#8220;default&#8220; global_colors_info=&#8220;{}&#8220; theme_builder_area=&#8220;post_content&#8220;]<\/p>\n<h4 style=\"text-align: center;\">FFF<\/h4>\n<p>[\/et_pb_text][\/et_pb_column][\/et_pb_row][et_pb_row column_structure=&#8220;1_3,1_3,1_3&#8243; _builder_version=&#8220;4.27.4&#8243; _module_preset=&#8220;default&#8220; global_colors_info=&#8220;{}&#8220; theme_builder_area=&#8220;post_content&#8220;][et_pb_column type=&#8220;1_3&#8243; _builder_version=&#8220;4.27.4&#8243; _module_preset=&#8220;default&#8220; global_colors_info=&#8220;{}&#8220; theme_builder_area=&#8220;post_content&#8220;][et_pb_text _builder_version=&#8220;4.27.4&#8243; _module_preset=&#8220;default&#8220; global_colors_info=&#8220;{}&#8220; theme_builder_area=&#8220;post_content&#8220;]<\/p>\n<h4 style=\"text-align: center;\">Ferrari starten<\/h4>\n<p>[\/et_pb_text][\/et_pb_column][et_pb_column type=&#8220;1_3&#8243; _builder_version=&#8220;4.27.4&#8243; _module_preset=&#8220;default&#8220; global_colors_info=&#8220;{}&#8220; theme_builder_area=&#8220;post_content&#8220;][et_pb_text _builder_version=&#8220;4.27.4&#8243; _module_preset=&#8220;default&#8220; global_colors_info=&#8220;{}&#8220; theme_builder_area=&#8220;post_content&#8220;]<\/p>\n<h4 style=\"text-align: center;\">Ferrari fahren<\/h4>\n<p>[\/et_pb_text][\/et_pb_column][et_pb_column type=&#8220;1_3&#8243; _builder_version=&#8220;4.27.4&#8243; _module_preset=&#8220;default&#8220; global_colors_info=&#8220;{}&#8220; theme_builder_area=&#8220;post_content&#8220;][et_pb_text _builder_version=&#8220;4.27.4&#8243; _module_preset=&#8220;default&#8220; global_colors_info=&#8220;{}&#8220; theme_builder_area=&#8220;post_content&#8220;]<\/p>\n<h4 style=\"text-align: center;\">Ferrari parken<\/h4>\n<p>[\/et_pb_text][\/et_pb_column][\/et_pb_row][et_pb_row _builder_version=&#8220;4.27.4&#8243; _module_preset=&#8220;default&#8220; global_colors_info=&#8220;{}&#8220; theme_builder_area=&#8220;post_content&#8220;][et_pb_column type=&#8220;4_4&#8243; _builder_version=&#8220;4.27.4&#8243; _module_preset=&#8220;default&#8220; global_colors_info=&#8220;{}&#8220; theme_builder_area=&#8220;post_content&#8220;][et_pb_text _builder_version=&#8220;4.27.4&#8243; _module_preset=&#8220;default&#8220; global_colors_info=&#8220;{}&#8220; theme_builder_area=&#8220;post_content&#8220;]<\/p>\n<h4 style=\"text-align: center;\">Alles liegt in deinen H\u00e4nden \u2013 dein Moment, dein Traum, dein Drive. Von der Z\u00fcndung bis zum G\u00e4nsehaut-Moment.<\/h4>\n<p>[\/et_pb_text][et_pb_button button_text=&#8220;Erlebe dein Abenteuer und buche jetzt&#8220; button_alignment=&#8220;center&#8220; _builder_version=&#8220;4.27.4&#8243; _module_preset=&#8220;default&#8220; custom_button=&#8220;on&#8220; button_border_width=&#8220;1px&#8220; button_border_radius=&#8220;1px&#8220; button_font=&#8220;|800|||||||&#8220; animation_style=&#8220;fade&#8220; button_text_shadow_style=&#8220;preset1&#8243; box_shadow_style=&#8220;preset2&#8243; box_shadow_color=&#8220;#cac9c4&#8243; global_colors_info=&#8220;{}&#8220; theme_builder_area=&#8220;post_content&#8220;][\/et_pb_button][\/et_pb_column][\/et_pb_row][\/et_pb_section][et_pb_section fb_built=&#8220;1&#8243; _builder_version=&#8220;4.27.4&#8243; _module_preset=&#8220;default&#8220; background_image=&#8220;https:\/\/www.321looos.de\/wp-content\/uploads\/2025\/06\/DSC09253-scaled.png&#8220; min_height=&#8220;100px&#8220; height=&#8220;1000px&#8220; global_colors_info=&#8220;{}&#8220; theme_builder_area=&#8220;post_content&#8220;][\/et_pb_section][et_pb_section fb_built=&#8220;1&#8243; _builder_version=&#8220;4.27.4&#8243; _module_preset=&#8220;default&#8220; background_color=&#8220;#181818&#8243; global_colors_info=&#8220;{}&#8220; theme_builder_area=&#8220;post_content&#8220;][et_pb_row _builder_version=&#8220;4.27.4&#8243; _module_preset=&#8220;default&#8220; global_colors_info=&#8220;{}&#8220; theme_builder_area=&#8220;post_content&#8220;][et_pb_column type=&#8220;4_4&#8243; _builder_version=&#8220;4.27.4&#8243; _module_preset=&#8220;default&#8220; global_colors_info=&#8220;{}&#8220; theme_builder_area=&#8220;post_content&#8220;][et_pb_text _builder_version=&#8220;4.27.4&#8243; _module_preset=&#8220;default&#8220; global_colors_info=&#8220;{}&#8220; theme_builder_area=&#8220;post_content&#8220;]<\/p>\n<h3 style=\"text-align: center;\">Ferrari California 30 \u2013 Technik trifft italienische Eleganz<\/h3>\n<p>[\/et_pb_text][\/et_pb_column][\/et_pb_row][et_pb_row _builder_version=&#8220;4.27.4&#8243; _module_preset=&#8220;default&#8220; global_colors_info=&#8220;{}&#8220; theme_builder_area=&#8220;post_content&#8220;][et_pb_column type=&#8220;4_4&#8243; _builder_version=&#8220;4.27.4&#8243; _module_preset=&#8220;default&#8220; global_colors_info=&#8220;{}&#8220; theme_builder_area=&#8220;post_content&#8220;][et_pb_text _builder_version=&#8220;4.27.4&#8243; _module_preset=&#8220;default&#8220; global_colors_info=&#8220;{}&#8220; theme_builder_area=&#8220;post_content&#8220;]<\/p>\n<h5>Der <strong data-start=\"286\" data-end=\"311\">Ferrari California 30<\/strong>\u00a0vereint klassisches Grand-Touring-Design mit innovativer Technik und einer Extraportion italienischer Leidenschaft. Als weiterentwickelte Version des ersten California-Modells bietet er sp\u00fcrbare Leistungssteigerungen und eine noch konsequentere Leichtbauweise \u2013 ideal f\u00fcr Fahrer*innen, die Performance und Stil in perfektem Gleichgewicht erleben m\u00f6chten.<\/h5>\n<p>[\/et_pb_text][et_pb_text _builder_version=&#8220;4.27.4&#8243; _module_preset=&#8220;default&#8220; global_colors_info=&#8220;{}&#8220; theme_builder_area=&#8220;post_content&#8220;]<\/p>\n<h5>Motor &amp; Leistung<\/h5>\n<h5 data-start=\"718\" data-end=\"1094\">Im Herzen des <span style=\"text-decoration: underline; color: #ff0000;\"><a data-start=\"344\" data-end=\"421\" href=\"https:\/\/www.ferrari.com\/de-DE\/auto\/ferrari-california-30\" style=\"color: #ff0000;\"><strong data-start=\"345\" data-end=\"370\">Ferrari California 30<\/strong><\/a><\/span> arbeitet ein <strong data-start=\"759\" data-end=\"785\">4,3-Liter-V8-Saugmotor<\/strong> mit direkter Benzineinspritzung. Er leistet <strong data-start=\"830\" data-end=\"865\">490 PS (360 kW) bei 7.750 U\/min<\/strong> und ein maximales Drehmoment von <strong data-start=\"899\" data-end=\"925\">505 Nm bei 5.000 U\/min<\/strong>. Im Vergleich zum Vorg\u00e4ngermodell wurden Motorsteuerung und Ansaugung optimiert \u2013 Ergebnis: Mehr Power bei besserer Effizienz und ein nochmals emotionalerer Motorsound.<\/h5>\n<p>[\/et_pb_text][\/et_pb_column][\/et_pb_row][et_pb_row _builder_version=&#8220;4.27.4&#8243; _module_preset=&#8220;default&#8220; global_colors_info=&#8220;{}&#8220; theme_builder_area=&#8220;post_content&#8220;][et_pb_column type=&#8220;4_4&#8243; _builder_version=&#8220;4.27.4&#8243; _module_preset=&#8220;default&#8220; global_colors_info=&#8220;{}&#8220; theme_builder_area=&#8220;post_content&#8220;][et_pb_button button_url=&#8220;https:\/\/wa.me\/491743951717&#8243; button_text=&#8220;Beginne dein unvergessliches Ferrari-Erlebnis sofort \u00fcber WhatsApp&#8220; button_alignment=&#8220;center&#8220; _builder_version=&#8220;4.27.4&#8243; _module_preset=&#8220;default&#8220; custom_button=&#8220;on&#8220; button_border_width=&#8220;1px&#8220; button_border_radius=&#8220;0px&#8220; button_font=&#8220;|800|||||||&#8220; animation_style=&#8220;fade&#8220; button_text_shadow_style=&#8220;preset1&#8243; box_shadow_style=&#8220;preset2&#8243; box_shadow_color=&#8220;#cac9c4&#8243; global_colors_info=&#8220;{}&#8220; theme_builder_area=&#8220;post_content&#8220;][\/et_pb_button][\/et_pb_column][\/et_pb_row][\/et_pb_section][et_pb_section fb_built=&#8220;1&#8243; _builder_version=&#8220;4.27.4&#8243; _module_preset=&#8220;default&#8220; background_image=&#8220;https:\/\/www.321looos.de\/wp-content\/uploads\/2025\/06\/DSC09216-scaled.png&#8220; min_height=&#8220;1000px&#8220; height=&#8220;1000px&#8220; max_height=&#8220;1000px&#8220; filter_hue_rotate=&#8220;359deg&#8220; filter_saturate=&#8220;102%&#8220; global_colors_info=&#8220;{}&#8220; theme_builder_area=&#8220;post_content&#8220;][et_pb_row _builder_version=&#8220;4.27.4&#8243; _module_preset=&#8220;default&#8220; global_colors_info=&#8220;{}&#8220; theme_builder_area=&#8220;post_content&#8220;][et_pb_column type=&#8220;4_4&#8243; _builder_version=&#8220;4.27.4&#8243; _module_preset=&#8220;default&#8220; global_colors_info=&#8220;{}&#8220; theme_builder_area=&#8220;post_content&#8220;][et_pb_text _builder_version=&#8220;4.27.4&#8243; _module_preset=&#8220;default&#8220; global_colors_info=&#8220;{}&#8220; theme_builder_area=&#8220;post_content&#8220;]<\/p>\n<h3 style=\"text-align: center;\"><strong>Unsere Partner<\/strong><\/h3>\n<p>[\/et_pb_text][\/et_pb_column][\/et_pb_row][et_pb_row column_structure=&#8220;1_6,1_6,1_6,1_6,1_6,1_6&#8243; _builder_version=&#8220;4.27.4&#8243; _module_preset=&#8220;default&#8220; transform_translate=&#8220;3px|130px&#8220; global_colors_info=&#8220;{}&#8220; theme_builder_area=&#8220;post_content&#8220;][et_pb_column type=&#8220;1_6&#8243; _builder_version=&#8220;4.27.4&#8243; _module_preset=&#8220;default&#8220; global_colors_info=&#8220;{}&#8220; theme_builder_area=&#8220;post_content&#8220;][et_pb_image src=&#8220;https:\/\/www.321looos.de\/wp-content\/uploads\/2025\/06\/Einmalige-Erlebnisse.jpg&#8220; title_text=&#8220;Einmalige Erlebnisse&#8220; url=&#8220;https:\/\/einmalige-erlebnisse.de\/nuernberg-60-min-ferrari-cabrio-selber-fahren&#8220; _builder_version=&#8220;4.27.4&#8243; _module_preset=&#8220;default&#8220; global_colors_info=&#8220;{}&#8220; theme_builder_area=&#8220;post_content&#8220;][\/et_pb_image][\/et_pb_column][et_pb_column type=&#8220;1_6&#8243; _builder_version=&#8220;4.27.4&#8243; _module_preset=&#8220;default&#8220; global_colors_info=&#8220;{}&#8220; theme_builder_area=&#8220;post_content&#8220;][et_pb_image src=&#8220;https:\/\/www.321looos.de\/wp-content\/uploads\/2025\/06\/5a05b7559cf05203c4b60464-scaled.png&#8220; title_text=&#8220;5a05b7559cf05203c4b60464&#8243; url=&#8220;https:\/\/www.tripadvisor.de\/AttractionProductReview-g187310-d25293154-Ferrari_Supersport_experience_drive_drive_yourself-Nuremberg_Middle_Franconia_Fran.html&#8220; _builder_version=&#8220;4.27.4&#8243; _module_preset=&#8220;default&#8220; global_colors_info=&#8220;{}&#8220; theme_builder_area=&#8220;post_content&#8220;][\/et_pb_image][\/et_pb_column][et_pb_column type=&#8220;1_6&#8243; _builder_version=&#8220;4.27.4&#8243; _module_preset=&#8220;default&#8220; global_colors_info=&#8220;{}&#8220; theme_builder_area=&#8220;post_content&#8220;][et_pb_image src=&#8220;https:\/\/www.321looos.de\/wp-content\/uploads\/2025\/06\/MYDAYS.png&#8220; title_text=&#8220;MYDAYS&#8220; url=&#8220;https:\/\/www.mydays.de\/motorsport\/ferrari-nuernberg-fahren\/p\/iu3p1&#8243; _builder_version=&#8220;4.27.4&#8243; _module_preset=&#8220;default&#8220; global_colors_info=&#8220;{}&#8220; theme_builder_area=&#8220;post_content&#8220;][\/et_pb_image][\/et_pb_column][et_pb_column type=&#8220;1_6&#8243; _builder_version=&#8220;4.27.4&#8243; _module_preset=&#8220;default&#8220; global_colors_info=&#8220;{}&#8220; theme_builder_area=&#8220;post_content&#8220;][et_pb_image src=&#8220;https:\/\/www.321looos.de\/wp-content\/uploads\/2025\/06\/ChatGPT-Image-20.-Juni-2025-00_20_57.png&#8220; title_text=&#8220;ChatGPT Image 20. Juni 2025, 00_20_57&#8243; url=&#8220;https:\/\/www.jochen-schweizer.de\/motorpower\/nuernberg-ferrari-fahren\/p\/iu3p1&#8243; _builder_version=&#8220;4.27.4&#8243; _module_preset=&#8220;default&#8220; transform_translate=&#8220;8px|-20px&#8220; global_colors_info=&#8220;{}&#8220; theme_builder_area=&#8220;post_content&#8220;][\/et_pb_image][\/et_pb_column][et_pb_column type=&#8220;1_6&#8243; _builder_version=&#8220;4.27.4&#8243; _module_preset=&#8220;default&#8220; global_colors_info=&#8220;{}&#8220; theme_builder_area=&#8220;post_content&#8220;][et_pb_image src=&#8220;https:\/\/www.321looos.de\/wp-content\/uploads\/2025\/06\/GetYourGuide.png&#8220; title_text=&#8220;GetYourGuide&#8220; _builder_version=&#8220;4.27.4&#8243; _module_preset=&#8220;default&#8220; global_colors_info=&#8220;{}&#8220; theme_builder_area=&#8220;post_content&#8220;][\/et_pb_image][\/et_pb_column][et_pb_column type=&#8220;1_6&#8243; _builder_version=&#8220;4.27.4&#8243; _module_preset=&#8220;default&#8220; global_colors_info=&#8220;{}&#8220; theme_builder_area=&#8220;post_content&#8220;][et_pb_image src=&#8220;https:\/\/www.321looos.de\/wp-content\/uploads\/2025\/06\/Erlebnis-Nuernberg.jpg&#8220; title_text=&#8220;Erlebnis N\u00fcrnberg&#8220; url=&#8220;https:\/\/www.erlebnisnuernberg.de\/in-der-naehe-shop\/?type=shop&#038;anchor=kachel531&#8243; _builder_version=&#8220;4.27.4&#8243; _module_preset=&#8220;default&#8220; global_colors_info=&#8220;{}&#8220; theme_builder_area=&#8220;post_content&#8220;][\/et_pb_image][\/et_pb_column][\/et_pb_row][\/et_pb_section]<\/p>\n","protected":false},"excerpt":{"rendered":"<p>Ferrari selber fahren \u2013 Ihr exklusives Fahrerlebnis in N\u00fcrnbergDu tr\u00e4umst davon, einmal selbst in einem echten Ferrari zu sitzen und das Gaspedal durchzudr\u00fccken? Bei 321Looos wird dieser Traum Realit\u00e4t. Steig ein, nimm das Lenkrad in die Hand und erlebe puren Fahrspa\u00df im Ferrari California 30 \u2013 mit rund 490\u202fPS, G\u00e4nsehaut-Sound und G\u00e4nsehaut-Feeling inklusive. &nbsp;Ob als [&hellip;]<\/p>\n","protected":false},"author":1,"featured_media":0,"parent":0,"menu_order":0,"comment_status":"closed","ping_status":"closed","template":"","meta":{"_et_pb_use_builder":"on","_et_pb_old_content":"<!-- wp:paragraph -->\n<p><code>[post-views]<\/code><\/p>\n<!-- \/wp:paragraph -->","_et_gb_content_width":"","_glsr_average":0,"_glsr_ranking":0,"_glsr_reviews":0,"footnotes":""},"class_list":["post-166","page","type-page","status-publish","hentry"],"_links":{"self":[{"href":"https:\/\/www.321looos.de\/en\/wp-json\/wp\/v2\/pages\/166","targetHints":{"allow":["GET"]}}],"collection":[{"href":"https:\/\/www.321looos.de\/en\/wp-json\/wp\/v2\/pages"}],"about":[{"href":"https:\/\/www.321looos.de\/en\/wp-json\/wp\/v2\/types\/page"}],"author":[{"embeddable":true,"href":"https:\/\/www.321looos.de\/en\/wp-json\/wp\/v2\/users\/1"}],"replies":[{"embeddable":true,"href":"https:\/\/www.321looos.de\/en\/wp-json\/wp\/v2\/comments?post=166"}],"version-history":[{"count":5,"href":"https:\/\/www.321looos.de\/en\/wp-json\/wp\/v2\/pages\/166\/revisions"}],"predecessor-version":[{"id":861,"href":"https:\/\/www.321looos.de\/en\/wp-json\/wp\/v2\/pages\/166\/revisions\/861"}],"wp:attachment":[{"href":"https:\/\/www.321looos.de\/en\/wp-json\/wp\/v2\/media?parent=166"}],"curies":[{"name":"wp","href":"https:\/\/api.w.org\/{rel}","templated":true}]}}